{"id":1719,"date":"2021-05-17T13:37:33","date_gmt":"2021-05-17T11:37:33","guid":{"rendered":"https:\/\/www.vignobles-silvio-denz.com\/arts-vins\/"},"modified":"2021-10-27T11:58:24","modified_gmt":"2021-10-27T09:58:24","slug":"kunst-wein","status":"publish","type":"page","link":"https:\/\/www.vignobles-silvio-denz.com\/de\/kunst-wein\/","title":{"rendered":"Kunst &#038; Wein"},"content":{"rendered":"","protected":false},"excerpt":{"rendered":"","protected":false},"author":1,"featured_media":0,"parent":0,"menu_order":0,"comment_status":"closed","ping_status":"closed","template":"tpl-art.php","meta":{"_acf_changed":false,"footnotes":""},"class_list":["post-1719","page","type-page","status-publish","hentry"],"acf":[],"yoast_head":"<!-- This site is optimized with the Yoast SEO plugin v27.3 - https:\/\/yoast.com\/product\/yoast-seo-wordpress\/ -->\n<title>Kunst &amp; Wein &#8212; Vignobles SILVIO DENZ<\/title>\n<meta name=\"description\" content=\"Depuis 2009, \u201c Merle et Raisins \u201d habille la bouteille du Ch\u00e2teau P\u00c9BY FAUG\u00c8RES. Cette gravure de cristal reprend le motif imagin\u00e9 par Ren\u00e9 Lalique en 1928 pour orner les cloisons de l\u2019Orient-Express.\" \/>\n<meta name=\"robots\" content=\"index, follow, max-snippet:-1, max-image-preview:large, max-video-preview:-1\" \/>\n<link rel=\"canonical\" href=\"http:\/\/www.vignobles-silvio-denz.com\/de\/kunst-wein\/\" \/>\n<meta property=\"og:locale\" content=\"de_DE\" \/>\n<meta property=\"og:type\" content=\"article\" \/>\n<meta property=\"og:title\" content=\"Kunst &amp; Wein &#8212; Vignobles SILVIO DENZ\" \/>\n<meta property=\"og:description\" content=\"Depuis 2009, \u201c Merle et Raisins \u201d habille la bouteille du Ch\u00e2teau P\u00c9BY FAUG\u00c8RES. Cette gravure de cristal reprend le motif imagin\u00e9 par Ren\u00e9 Lalique en 1928 pour orner les cloisons de l\u2019Orient-Express.\" \/>\n<meta property=\"og:url\" content=\"http:\/\/www.vignobles-silvio-denz.com\/de\/kunst-wein\/\" \/>\n<meta property=\"og:site_name\" content=\"Vignobles SILVIO DENZ\" \/>\n<meta property=\"article:modified_time\" content=\"2021-10-27T09:58:24+00:00\" \/>\n<meta name=\"twitter:card\" content=\"summary_large_image\" \/>\n<script type=\"application\/ld+json\" class=\"yoast-schema-graph\">{\"@context\":\"https:\\\/\\\/schema.org\",\"@graph\":[{\"@type\":\"WebPage\",\"@id\":\"http:\\\/\\\/www.vignobles-silvio-denz.com\\\/de\\\/kunst-wein\\\/\",\"url\":\"http:\\\/\\\/www.vignobles-silvio-denz.com\\\/de\\\/kunst-wein\\\/\",\"name\":\"Kunst & Wein &#8212; Vignobles SILVIO DENZ\",\"isPartOf\":{\"@id\":\"https:\\\/\\\/www.vignobles-silvio-denz.com\\\/en\\\/#website\"},\"datePublished\":\"2021-05-17T11:37:33+00:00\",\"dateModified\":\"2021-10-27T09:58:24+00:00\",\"description\":\"Depuis 2009, \u201c Merle et Raisins \u201d habille la bouteille du Ch\u00e2teau P\u00c9BY FAUG\u00c8RES. Cette gravure de cristal reprend le motif imagin\u00e9 par Ren\u00e9 Lalique en 1928 pour orner les cloisons de l\u2019Orient-Express.\",\"breadcrumb\":{\"@id\":\"http:\\\/\\\/www.vignobles-silvio-denz.com\\\/de\\\/kunst-wein\\\/#breadcrumb\"},\"inLanguage\":\"de\",\"potentialAction\":[{\"@type\":\"ReadAction\",\"target\":[\"http:\\\/\\\/www.vignobles-silvio-denz.com\\\/de\\\/kunst-wein\\\/\"]}]},{\"@type\":\"BreadcrumbList\",\"@id\":\"http:\\\/\\\/www.vignobles-silvio-denz.com\\\/de\\\/kunst-wein\\\/#breadcrumb\",\"itemListElement\":[{\"@type\":\"ListItem\",\"position\":1,\"name\":\"Accueil\",\"item\":\"https:\\\/\\\/www.vignobles-silvio-denz.com\\\/de\\\/\"},{\"@type\":\"ListItem\",\"position\":2,\"name\":\"Kunst &#038; Wein\"}]},{\"@type\":\"WebSite\",\"@id\":\"https:\\\/\\\/www.vignobles-silvio-denz.com\\\/en\\\/#website\",\"url\":\"https:\\\/\\\/www.vignobles-silvio-denz.com\\\/en\\\/\",\"name\":\"Vignobles SILVIO DENZ\",\"description\":\"Ch\u00e2teau Faug\u00e8res, Ch\u00e2teau P\u00e9by Faug\u00e8res, Ch\u00e2teau Cap de Faug\u00e8res, Ch\u00e2teau Rocheyron, Ch\u00e2teau Lafaurie-Peyraguey\",\"publisher\":{\"@id\":\"https:\\\/\\\/www.vignobles-silvio-denz.com\\\/en\\\/#organization\"},\"potentialAction\":[{\"@type\":\"SearchAction\",\"target\":{\"@type\":\"EntryPoint\",\"urlTemplate\":\"https:\\\/\\\/www.vignobles-silvio-denz.com\\\/en\\\/?s={search_term_string}\"},\"query-input\":{\"@type\":\"PropertyValueSpecification\",\"valueRequired\":true,\"valueName\":\"search_term_string\"}}],\"inLanguage\":\"de\"},{\"@type\":\"Organization\",\"@id\":\"https:\\\/\\\/www.vignobles-silvio-denz.com\\\/en\\\/#organization\",\"name\":\"Vignobles SILVIO DENZ\",\"url\":\"https:\\\/\\\/www.vignobles-silvio-denz.com\\\/en\\\/\",\"logo\":{\"@type\":\"ImageObject\",\"inLanguage\":\"de\",\"@id\":\"https:\\\/\\\/www.vignobles-silvio-denz.com\\\/en\\\/#\\\/schema\\\/logo\\\/image\\\/\",\"url\":\"https:\\\/\\\/www.vignobles-silvio-denz.com\\\/wp-content\\\/uploads\\\/2021\\\/07\\\/cropped-VSD-sigle.png\",\"contentUrl\":\"https:\\\/\\\/www.vignobles-silvio-denz.com\\\/wp-content\\\/uploads\\\/2021\\\/07\\\/cropped-VSD-sigle.png\",\"width\":512,\"height\":512,\"caption\":\"Vignobles SILVIO DENZ\"},\"image\":{\"@id\":\"https:\\\/\\\/www.vignobles-silvio-denz.com\\\/en\\\/#\\\/schema\\\/logo\\\/image\\\/\"}}]}<\/script>\n<!-- \/ Yoast SEO plugin. -->","yoast_head_json":{"title":"Kunst & Wein &#8212; Vignobles SILVIO DENZ","description":"Depuis 2009, \u201c Merle et Raisins \u201d habille la bouteille du Ch\u00e2teau P\u00c9BY FAUG\u00c8RES. Cette gravure de cristal reprend le motif imagin\u00e9 par Ren\u00e9 Lalique en 1928 pour orner les cloisons de l\u2019Orient-Express.","robots":{"index":"index","follow":"follow","max-snippet":"max-snippet:-1","max-image-preview":"max-image-preview:large","max-video-preview":"max-video-preview:-1"},"canonical":"http:\/\/www.vignobles-silvio-denz.com\/de\/kunst-wein\/","og_locale":"de_DE","og_type":"article","og_title":"Kunst & Wein &#8212; Vignobles SILVIO DENZ","og_description":"Depuis 2009, \u201c Merle et Raisins \u201d habille la bouteille du Ch\u00e2teau P\u00c9BY FAUG\u00c8RES. Cette gravure de cristal reprend le motif imagin\u00e9 par Ren\u00e9 Lalique en 1928 pour orner les cloisons de l\u2019Orient-Express.","og_url":"http:\/\/www.vignobles-silvio-denz.com\/de\/kunst-wein\/","og_site_name":"Vignobles SILVIO DENZ","article_modified_time":"2021-10-27T09:58:24+00:00","twitter_card":"summary_large_image","schema":{"@context":"https:\/\/schema.org","@graph":[{"@type":"WebPage","@id":"http:\/\/www.vignobles-silvio-denz.com\/de\/kunst-wein\/","url":"http:\/\/www.vignobles-silvio-denz.com\/de\/kunst-wein\/","name":"Kunst & Wein &#8212; Vignobles SILVIO DENZ","isPartOf":{"@id":"https:\/\/www.vignobles-silvio-denz.com\/en\/#website"},"datePublished":"2021-05-17T11:37:33+00:00","dateModified":"2021-10-27T09:58:24+00:00","description":"Depuis 2009, \u201c Merle et Raisins \u201d habille la bouteille du Ch\u00e2teau P\u00c9BY FAUG\u00c8RES. Cette gravure de cristal reprend le motif imagin\u00e9 par Ren\u00e9 Lalique en 1928 pour orner les cloisons de l\u2019Orient-Express.","breadcrumb":{"@id":"http:\/\/www.vignobles-silvio-denz.com\/de\/kunst-wein\/#breadcrumb"},"inLanguage":"de","potentialAction":[{"@type":"ReadAction","target":["http:\/\/www.vignobles-silvio-denz.com\/de\/kunst-wein\/"]}]},{"@type":"BreadcrumbList","@id":"http:\/\/www.vignobles-silvio-denz.com\/de\/kunst-wein\/#breadcrumb","itemListElement":[{"@type":"ListItem","position":1,"name":"Accueil","item":"https:\/\/www.vignobles-silvio-denz.com\/de\/"},{"@type":"ListItem","position":2,"name":"Kunst &#038; Wein"}]},{"@type":"WebSite","@id":"https:\/\/www.vignobles-silvio-denz.com\/en\/#website","url":"https:\/\/www.vignobles-silvio-denz.com\/en\/","name":"Vignobles SILVIO DENZ","description":"Ch\u00e2teau Faug\u00e8res, Ch\u00e2teau P\u00e9by Faug\u00e8res, Ch\u00e2teau Cap de Faug\u00e8res, Ch\u00e2teau Rocheyron, Ch\u00e2teau Lafaurie-Peyraguey","publisher":{"@id":"https:\/\/www.vignobles-silvio-denz.com\/en\/#organization"},"potentialAction":[{"@type":"SearchAction","target":{"@type":"EntryPoint","urlTemplate":"https:\/\/www.vignobles-silvio-denz.com\/en\/?s={search_term_string}"},"query-input":{"@type":"PropertyValueSpecification","valueRequired":true,"valueName":"search_term_string"}}],"inLanguage":"de"},{"@type":"Organization","@id":"https:\/\/www.vignobles-silvio-denz.com\/en\/#organization","name":"Vignobles SILVIO DENZ","url":"https:\/\/www.vignobles-silvio-denz.com\/en\/","logo":{"@type":"ImageObject","inLanguage":"de","@id":"https:\/\/www.vignobles-silvio-denz.com\/en\/#\/schema\/logo\/image\/","url":"https:\/\/www.vignobles-silvio-denz.com\/wp-content\/uploads\/2021\/07\/cropped-VSD-sigle.png","contentUrl":"https:\/\/www.vignobles-silvio-denz.com\/wp-content\/uploads\/2021\/07\/cropped-VSD-sigle.png","width":512,"height":512,"caption":"Vignobles SILVIO DENZ"},"image":{"@id":"https:\/\/www.vignobles-silvio-denz.com\/en\/#\/schema\/logo\/image\/"}}]}},"_links":{"self":[{"href":"https:\/\/www.vignobles-silvio-denz.com\/de\/wp-json\/wp\/v2\/pages\/1719","targetHints":{"allow":["GET"]}}],"collection":[{"href":"https:\/\/www.vignobles-silvio-denz.com\/de\/wp-json\/wp\/v2\/pages"}],"about":[{"href":"https:\/\/www.vignobles-silvio-denz.com\/de\/wp-json\/wp\/v2\/types\/page"}],"author":[{"embeddable":true,"href":"https:\/\/www.vignobles-silvio-denz.com\/de\/wp-json\/wp\/v2\/users\/1"}],"replies":[{"embeddable":true,"href":"https:\/\/www.vignobles-silvio-denz.com\/de\/wp-json\/wp\/v2\/comments?post=1719"}],"version-history":[{"count":6,"href":"https:\/\/www.vignobles-silvio-denz.com\/de\/wp-json\/wp\/v2\/pages\/1719\/revisions"}],"predecessor-version":[{"id":1726,"href":"https:\/\/www.vignobles-silvio-denz.com\/de\/wp-json\/wp\/v2\/pages\/1719\/revisions\/1726"}],"wp:attachment":[{"href":"https:\/\/www.vignobles-silvio-denz.com\/de\/wp-json\/wp\/v2\/media?parent=1719"}],"curies":[{"name":"wp","href":"https:\/\/api.w.org\/{rel}","templated":true}]}}