{"id":1732,"date":"2021-05-17T13:37:57","date_gmt":"2021-05-17T11:37:57","guid":{"rendered":"https:\/\/www.vignobles-silvio-denz.com\/espace-presse\/"},"modified":"2024-12-16T11:38:37","modified_gmt":"2024-12-16T10:38:37","slug":"presse","status":"publish","type":"page","link":"https:\/\/www.vignobles-silvio-denz.com\/de\/presse\/","title":{"rendered":"Presse"},"content":{"rendered":"","protected":false},"excerpt":{"rendered":"","protected":false},"author":1,"featured_media":0,"parent":0,"menu_order":0,"comment_status":"closed","ping_status":"closed","template":"tpl-presse.php","meta":{"_acf_changed":false,"footnotes":""},"class_list":["post-1732","page","type-page","status-publish","hentry"],"acf":[],"yoast_head":"<!-- This site is optimized with the Yoast SEO plugin v27.3 - https:\/\/yoast.com\/product\/yoast-seo-wordpress\/ -->\n<title>Presse &#8212; Vignobles SILVIO DENZ<\/title>\n<meta name=\"robots\" content=\"index, follow, max-snippet:-1, max-image-preview:large, max-video-preview:-1\" \/>\n<link rel=\"canonical\" href=\"http:\/\/www.vignobles-silvio-denz.com\/de\/presse\/\" \/>\n<meta property=\"og:locale\" content=\"de_DE\" \/>\n<meta property=\"og:type\" content=\"article\" \/>\n<meta property=\"og:title\" content=\"Presse &#8212; Vignobles SILVIO DENZ\" \/>\n<meta property=\"og:url\" content=\"http:\/\/www.vignobles-silvio-denz.com\/de\/presse\/\" \/>\n<meta property=\"og:site_name\" content=\"Vignobles SILVIO DENZ\" \/>\n<meta property=\"article:modified_time\" content=\"2024-12-16T10:38:37+00:00\" \/>\n<meta name=\"twitter:card\" content=\"summary_large_image\" \/>\n<script type=\"application\/ld+json\" class=\"yoast-schema-graph\">{\"@context\":\"https:\\\/\\\/schema.org\",\"@graph\":[{\"@type\":\"WebPage\",\"@id\":\"http:\\\/\\\/www.vignobles-silvio-denz.com\\\/de\\\/presse\\\/\",\"url\":\"http:\\\/\\\/www.vignobles-silvio-denz.com\\\/de\\\/presse\\\/\",\"name\":\"Presse &#8212; Vignobles SILVIO DENZ\",\"isPartOf\":{\"@id\":\"https:\\\/\\\/www.vignobles-silvio-denz.com\\\/en\\\/#website\"},\"datePublished\":\"2021-05-17T11:37:57+00:00\",\"dateModified\":\"2024-12-16T10:38:37+00:00\",\"breadcrumb\":{\"@id\":\"http:\\\/\\\/www.vignobles-silvio-denz.com\\\/de\\\/presse\\\/#breadcrumb\"},\"inLanguage\":\"de\",\"potentialAction\":[{\"@type\":\"ReadAction\",\"target\":[\"http:\\\/\\\/www.vignobles-silvio-denz.com\\\/de\\\/presse\\\/\"]}]},{\"@type\":\"BreadcrumbList\",\"@id\":\"http:\\\/\\\/www.vignobles-silvio-denz.com\\\/de\\\/presse\\\/#breadcrumb\",\"itemListElement\":[{\"@type\":\"ListItem\",\"position\":1,\"name\":\"Accueil\",\"item\":\"https:\\\/\\\/www.vignobles-silvio-denz.com\\\/de\\\/\"},{\"@type\":\"ListItem\",\"position\":2,\"name\":\"Presse\"}]},{\"@type\":\"WebSite\",\"@id\":\"https:\\\/\\\/www.vignobles-silvio-denz.com\\\/en\\\/#website\",\"url\":\"https:\\\/\\\/www.vignobles-silvio-denz.com\\\/en\\\/\",\"name\":\"Vignobles SILVIO DENZ\",\"description\":\"Ch\u00e2teau Faug\u00e8res, Ch\u00e2teau P\u00e9by Faug\u00e8res, Ch\u00e2teau Cap de Faug\u00e8res, Ch\u00e2teau Rocheyron, Ch\u00e2teau Lafaurie-Peyraguey\",\"publisher\":{\"@id\":\"https:\\\/\\\/www.vignobles-silvio-denz.com\\\/en\\\/#organization\"},\"potentialAction\":[{\"@type\":\"SearchAction\",\"target\":{\"@type\":\"EntryPoint\",\"urlTemplate\":\"https:\\\/\\\/www.vignobles-silvio-denz.com\\\/en\\\/?s={search_term_string}\"},\"query-input\":{\"@type\":\"PropertyValueSpecification\",\"valueRequired\":true,\"valueName\":\"search_term_string\"}}],\"inLanguage\":\"de\"},{\"@type\":\"Organization\",\"@id\":\"https:\\\/\\\/www.vignobles-silvio-denz.com\\\/en\\\/#organization\",\"name\":\"Vignobles SILVIO DENZ\",\"url\":\"https:\\\/\\\/www.vignobles-silvio-denz.com\\\/en\\\/\",\"logo\":{\"@type\":\"ImageObject\",\"inLanguage\":\"de\",\"@id\":\"https:\\\/\\\/www.vignobles-silvio-denz.com\\\/en\\\/#\\\/schema\\\/logo\\\/image\\\/\",\"url\":\"https:\\\/\\\/www.vignobles-silvio-denz.com\\\/wp-content\\\/uploads\\\/2021\\\/07\\\/cropped-VSD-sigle.png\",\"contentUrl\":\"https:\\\/\\\/www.vignobles-silvio-denz.com\\\/wp-content\\\/uploads\\\/2021\\\/07\\\/cropped-VSD-sigle.png\",\"width\":512,\"height\":512,\"caption\":\"Vignobles SILVIO DENZ\"},\"image\":{\"@id\":\"https:\\\/\\\/www.vignobles-silvio-denz.com\\\/en\\\/#\\\/schema\\\/logo\\\/image\\\/\"}}]}<\/script>\n<!-- \/ Yoast SEO plugin. -->","yoast_head_json":{"title":"Presse &#8212; Vignobles SILVIO DENZ","robots":{"index":"index","follow":"follow","max-snippet":"max-snippet:-1","max-image-preview":"max-image-preview:large","max-video-preview":"max-video-preview:-1"},"canonical":"http:\/\/www.vignobles-silvio-denz.com\/de\/presse\/","og_locale":"de_DE","og_type":"article","og_title":"Presse &#8212; Vignobles SILVIO DENZ","og_url":"http:\/\/www.vignobles-silvio-denz.com\/de\/presse\/","og_site_name":"Vignobles SILVIO DENZ","article_modified_time":"2024-12-16T10:38:37+00:00","twitter_card":"summary_large_image","schema":{"@context":"https:\/\/schema.org","@graph":[{"@type":"WebPage","@id":"http:\/\/www.vignobles-silvio-denz.com\/de\/presse\/","url":"http:\/\/www.vignobles-silvio-denz.com\/de\/presse\/","name":"Presse &#8212; Vignobles SILVIO DENZ","isPartOf":{"@id":"https:\/\/www.vignobles-silvio-denz.com\/en\/#website"},"datePublished":"2021-05-17T11:37:57+00:00","dateModified":"2024-12-16T10:38:37+00:00","breadcrumb":{"@id":"http:\/\/www.vignobles-silvio-denz.com\/de\/presse\/#breadcrumb"},"inLanguage":"de","potentialAction":[{"@type":"ReadAction","target":["http:\/\/www.vignobles-silvio-denz.com\/de\/presse\/"]}]},{"@type":"BreadcrumbList","@id":"http:\/\/www.vignobles-silvio-denz.com\/de\/presse\/#breadcrumb","itemListElement":[{"@type":"ListItem","position":1,"name":"Accueil","item":"https:\/\/www.vignobles-silvio-denz.com\/de\/"},{"@type":"ListItem","position":2,"name":"Presse"}]},{"@type":"WebSite","@id":"https:\/\/www.vignobles-silvio-denz.com\/en\/#website","url":"https:\/\/www.vignobles-silvio-denz.com\/en\/","name":"Vignobles SILVIO DENZ","description":"Ch\u00e2teau Faug\u00e8res, Ch\u00e2teau P\u00e9by Faug\u00e8res, Ch\u00e2teau Cap de Faug\u00e8res, Ch\u00e2teau Rocheyron, Ch\u00e2teau Lafaurie-Peyraguey","publisher":{"@id":"https:\/\/www.vignobles-silvio-denz.com\/en\/#organization"},"potentialAction":[{"@type":"SearchAction","target":{"@type":"EntryPoint","urlTemplate":"https:\/\/www.vignobles-silvio-denz.com\/en\/?s={search_term_string}"},"query-input":{"@type":"PropertyValueSpecification","valueRequired":true,"valueName":"search_term_string"}}],"inLanguage":"de"},{"@type":"Organization","@id":"https:\/\/www.vignobles-silvio-denz.com\/en\/#organization","name":"Vignobles SILVIO DENZ","url":"https:\/\/www.vignobles-silvio-denz.com\/en\/","logo":{"@type":"ImageObject","inLanguage":"de","@id":"https:\/\/www.vignobles-silvio-denz.com\/en\/#\/schema\/logo\/image\/","url":"https:\/\/www.vignobles-silvio-denz.com\/wp-content\/uploads\/2021\/07\/cropped-VSD-sigle.png","contentUrl":"https:\/\/www.vignobles-silvio-denz.com\/wp-content\/uploads\/2021\/07\/cropped-VSD-sigle.png","width":512,"height":512,"caption":"Vignobles SILVIO DENZ"},"image":{"@id":"https:\/\/www.vignobles-silvio-denz.com\/en\/#\/schema\/logo\/image\/"}}]}},"_links":{"self":[{"href":"https:\/\/www.vignobles-silvio-denz.com\/de\/wp-json\/wp\/v2\/pages\/1732","targetHints":{"allow":["GET"]}}],"collection":[{"href":"https:\/\/www.vignobles-silvio-denz.com\/de\/wp-json\/wp\/v2\/pages"}],"about":[{"href":"https:\/\/www.vignobles-silvio-denz.com\/de\/wp-json\/wp\/v2\/types\/page"}],"author":[{"embeddable":true,"href":"https:\/\/www.vignobles-silvio-denz.com\/de\/wp-json\/wp\/v2\/users\/1"}],"replies":[{"embeddable":true,"href":"https:\/\/www.vignobles-silvio-denz.com\/de\/wp-json\/wp\/v2\/comments?post=1732"}],"version-history":[{"count":11,"href":"https:\/\/www.vignobles-silvio-denz.com\/de\/wp-json\/wp\/v2\/pages\/1732\/revisions"}],"predecessor-version":[{"id":2481,"href":"https:\/\/www.vignobles-silvio-denz.com\/de\/wp-json\/wp\/v2\/pages\/1732\/revisions\/2481"}],"wp:attachment":[{"href":"https:\/\/www.vignobles-silvio-denz.com\/de\/wp-json\/wp\/v2\/media?parent=1732"}],"curies":[{"name":"wp","href":"https:\/\/api.w.org\/{rel}","templated":true}]}}