{"id":40,"date":"2021-05-17T13:37:05","date_gmt":"2021-05-17T11:37:05","guid":{"rendered":"http:\/\/www.vignobles-silvio-denz.com\/?page_id=40"},"modified":"2025-07-29T16:33:08","modified_gmt":"2025-07-29T14:33:08","slug":"accueil","status":"publish","type":"page","link":"https:\/\/www.vignobles-silvio-denz.com\/de\/","title":{"rendered":"Vignobles SILVIO DENZ"},"content":{"rendered":"","protected":false},"excerpt":{"rendered":"","protected":false},"author":1,"featured_media":370,"parent":0,"menu_order":0,"comment_status":"closed","ping_status":"closed","template":"tpl-accueil.php","meta":{"_acf_changed":false,"footnotes":""},"class_list":["post-40","page","type-page","status-publish","has-post-thumbnail","hentry"],"acf":[],"yoast_head":"<!-- This site is optimized with the Yoast SEO plugin v27.3 - https:\/\/yoast.com\/product\/yoast-seo-wordpress\/ -->\n<title>Vignobles SILVIO DENZ &#8212; Ch\u00e2teau P\u00e9by Faug\u00e8res, Ch\u00e2teau Faug\u00e8res, Ch\u00e2teau Cap de Faug\u00e8res, Ch\u00e2teau Rocheyron, Ch\u00e2teau Lafaurie-Peyraguey<\/title>\n<meta name=\"description\" content=\"Saint-\u00c9milion ou Sauternes, les domaines des Vignobles Silvio Denz ont en partage la passion qui anime leur propri\u00e9taire. Amour du vin et prestige des grands terroirs incitent l\u2019homme d\u2019affaires \u00e0 investir dans le Bordelais.\" \/>\n<meta name=\"robots\" content=\"index, follow, max-snippet:-1, max-image-preview:large, max-video-preview:-1\" \/>\n<link rel=\"canonical\" href=\"https:\/\/www.vignobles-silvio-denz.com\/de\/\" \/>\n<meta property=\"og:locale\" content=\"de_DE\" \/>\n<meta property=\"og:type\" content=\"article\" \/>\n<meta property=\"og:title\" content=\"Vignobles SILVIO DENZ &#8212; Ch\u00e2teau P\u00e9by Faug\u00e8res, Ch\u00e2teau Faug\u00e8res, Ch\u00e2teau Cap de Faug\u00e8res, Ch\u00e2teau Rocheyron, Ch\u00e2teau Lafaurie-Peyraguey\" \/>\n<meta property=\"og:description\" content=\"Saint-\u00c9milion ou Sauternes, les domaines des Vignobles Silvio Denz ont en partage la passion qui anime leur propri\u00e9taire. Amour du vin et prestige des grands terroirs incitent l\u2019homme d\u2019affaires \u00e0 investir dans le Bordelais.\" \/>\n<meta property=\"og:url\" content=\"https:\/\/www.vignobles-silvio-denz.com\/de\/\" \/>\n<meta property=\"og:site_name\" content=\"Vignobles SILVIO DENZ\" \/>\n<meta property=\"article:modified_time\" content=\"2025-07-29T14:33:08+00:00\" \/>\n<meta property=\"og:image\" content=\"https:\/\/www.vignobles-silvio-denz.com\/wp-content\/uploads\/2021\/05\/bouteilles-header-scaled.jpg\" \/>\n\t<meta property=\"og:image:width\" content=\"2560\" \/>\n\t<meta property=\"og:image:height\" content=\"1511\" \/>\n\t<meta property=\"og:image:type\" content=\"image\/jpeg\" \/>\n<meta name=\"twitter:card\" content=\"summary_large_image\" \/>\n<meta name=\"twitter:label1\" content=\"Gesch\u00e4tzte Lesezeit\" \/>\n\t<meta name=\"twitter:data1\" content=\"1\u00a0Minute\" \/>\n<script type=\"application\/ld+json\" class=\"yoast-schema-graph\">{\"@context\":\"https:\\\/\\\/schema.org\",\"@graph\":[{\"@type\":\"WebPage\",\"@id\":\"https:\\\/\\\/www.vignobles-silvio-denz.com\\\/de\\\/\",\"url\":\"https:\\\/\\\/www.vignobles-silvio-denz.com\\\/de\\\/\",\"name\":\"Vignobles SILVIO DENZ &#8212; Ch\u00e2teau P\u00e9by Faug\u00e8res, Ch\u00e2teau Faug\u00e8res, Ch\u00e2teau Cap de Faug\u00e8res, Ch\u00e2teau Rocheyron, Ch\u00e2teau Lafaurie-Peyraguey\",\"isPartOf\":{\"@id\":\"https:\\\/\\\/www.vignobles-silvio-denz.com\\\/en\\\/#website\"},\"primaryImageOfPage\":{\"@id\":\"https:\\\/\\\/www.vignobles-silvio-denz.com\\\/de\\\/#primaryimage\"},\"image\":{\"@id\":\"https:\\\/\\\/www.vignobles-silvio-denz.com\\\/de\\\/#primaryimage\"},\"thumbnailUrl\":\"https:\\\/\\\/www.vignobles-silvio-denz.com\\\/wp-content\\\/uploads\\\/2021\\\/05\\\/bouteilles-header-scaled.jpg\",\"datePublished\":\"2021-05-17T11:37:05+00:00\",\"dateModified\":\"2025-07-29T14:33:08+00:00\",\"description\":\"Saint-\u00c9milion ou Sauternes, les domaines des Vignobles Silvio Denz ont en partage la passion qui anime leur propri\u00e9taire. Amour du vin et prestige des grands terroirs incitent l\u2019homme d\u2019affaires \u00e0 investir dans le Bordelais.\",\"breadcrumb\":{\"@id\":\"https:\\\/\\\/www.vignobles-silvio-denz.com\\\/de\\\/#breadcrumb\"},\"inLanguage\":\"de\",\"potentialAction\":[{\"@type\":\"ReadAction\",\"target\":[\"https:\\\/\\\/www.vignobles-silvio-denz.com\\\/de\\\/\"]}]},{\"@type\":\"ImageObject\",\"inLanguage\":\"de\",\"@id\":\"https:\\\/\\\/www.vignobles-silvio-denz.com\\\/de\\\/#primaryimage\",\"url\":\"https:\\\/\\\/www.vignobles-silvio-denz.com\\\/wp-content\\\/uploads\\\/2021\\\/05\\\/bouteilles-header-scaled.jpg\",\"contentUrl\":\"https:\\\/\\\/www.vignobles-silvio-denz.com\\\/wp-content\\\/uploads\\\/2021\\\/05\\\/bouteilles-header-scaled.jpg\",\"width\":2560,\"height\":1511},{\"@type\":\"BreadcrumbList\",\"@id\":\"https:\\\/\\\/www.vignobles-silvio-denz.com\\\/de\\\/#breadcrumb\",\"itemListElement\":[{\"@type\":\"ListItem\",\"position\":1,\"name\":\"Accueil\",\"item\":\"https:\\\/\\\/www.vignobles-silvio-denz.com\\\/de\\\/\"},{\"@type\":\"ListItem\",\"position\":2,\"name\":\"Vignobles SILVIO DENZ\"}]},{\"@type\":\"WebSite\",\"@id\":\"https:\\\/\\\/www.vignobles-silvio-denz.com\\\/en\\\/#website\",\"url\":\"https:\\\/\\\/www.vignobles-silvio-denz.com\\\/en\\\/\",\"name\":\"Vignobles SILVIO DENZ\",\"description\":\"Ch\u00e2teau Faug\u00e8res, Ch\u00e2teau P\u00e9by Faug\u00e8res, Ch\u00e2teau Cap de Faug\u00e8res, Ch\u00e2teau Rocheyron, Ch\u00e2teau Lafaurie-Peyraguey\",\"publisher\":{\"@id\":\"https:\\\/\\\/www.vignobles-silvio-denz.com\\\/en\\\/#organization\"},\"potentialAction\":[{\"@type\":\"SearchAction\",\"target\":{\"@type\":\"EntryPoint\",\"urlTemplate\":\"https:\\\/\\\/www.vignobles-silvio-denz.com\\\/en\\\/?s={search_term_string}\"},\"query-input\":{\"@type\":\"PropertyValueSpecification\",\"valueRequired\":true,\"valueName\":\"search_term_string\"}}],\"inLanguage\":\"de\"},{\"@type\":\"Organization\",\"@id\":\"https:\\\/\\\/www.vignobles-silvio-denz.com\\\/en\\\/#organization\",\"name\":\"Vignobles SILVIO DENZ\",\"url\":\"https:\\\/\\\/www.vignobles-silvio-denz.com\\\/en\\\/\",\"logo\":{\"@type\":\"ImageObject\",\"inLanguage\":\"de\",\"@id\":\"https:\\\/\\\/www.vignobles-silvio-denz.com\\\/en\\\/#\\\/schema\\\/logo\\\/image\\\/\",\"url\":\"https:\\\/\\\/www.vignobles-silvio-denz.com\\\/wp-content\\\/uploads\\\/2021\\\/07\\\/cropped-VSD-sigle.png\",\"contentUrl\":\"https:\\\/\\\/www.vignobles-silvio-denz.com\\\/wp-content\\\/uploads\\\/2021\\\/07\\\/cropped-VSD-sigle.png\",\"width\":512,\"height\":512,\"caption\":\"Vignobles SILVIO DENZ\"},\"image\":{\"@id\":\"https:\\\/\\\/www.vignobles-silvio-denz.com\\\/en\\\/#\\\/schema\\\/logo\\\/image\\\/\"}}]}<\/script>\n<!-- \/ Yoast SEO plugin. -->","yoast_head_json":{"title":"Vignobles SILVIO DENZ &#8212; Ch\u00e2teau P\u00e9by Faug\u00e8res, Ch\u00e2teau Faug\u00e8res, Ch\u00e2teau Cap de Faug\u00e8res, Ch\u00e2teau Rocheyron, Ch\u00e2teau Lafaurie-Peyraguey","description":"Saint-\u00c9milion ou Sauternes, les domaines des Vignobles Silvio Denz ont en partage la passion qui anime leur propri\u00e9taire. Amour du vin et prestige des grands terroirs incitent l\u2019homme d\u2019affaires \u00e0 investir dans le Bordelais.","robots":{"index":"index","follow":"follow","max-snippet":"max-snippet:-1","max-image-preview":"max-image-preview:large","max-video-preview":"max-video-preview:-1"},"canonical":"https:\/\/www.vignobles-silvio-denz.com\/de\/","og_locale":"de_DE","og_type":"article","og_title":"Vignobles SILVIO DENZ &#8212; Ch\u00e2teau P\u00e9by Faug\u00e8res, Ch\u00e2teau Faug\u00e8res, Ch\u00e2teau Cap de Faug\u00e8res, Ch\u00e2teau Rocheyron, Ch\u00e2teau Lafaurie-Peyraguey","og_description":"Saint-\u00c9milion ou Sauternes, les domaines des Vignobles Silvio Denz ont en partage la passion qui anime leur propri\u00e9taire. Amour du vin et prestige des grands terroirs incitent l\u2019homme d\u2019affaires \u00e0 investir dans le Bordelais.","og_url":"https:\/\/www.vignobles-silvio-denz.com\/de\/","og_site_name":"Vignobles SILVIO DENZ","article_modified_time":"2025-07-29T14:33:08+00:00","og_image":[{"width":2560,"height":1511,"url":"https:\/\/www.vignobles-silvio-denz.com\/wp-content\/uploads\/2021\/05\/bouteilles-header-scaled.jpg","type":"image\/jpeg"}],"twitter_card":"summary_large_image","twitter_misc":{"Gesch\u00e4tzte Lesezeit":"1\u00a0Minute"},"schema":{"@context":"https:\/\/schema.org","@graph":[{"@type":"WebPage","@id":"https:\/\/www.vignobles-silvio-denz.com\/de\/","url":"https:\/\/www.vignobles-silvio-denz.com\/de\/","name":"Vignobles SILVIO DENZ &#8212; Ch\u00e2teau P\u00e9by Faug\u00e8res, Ch\u00e2teau Faug\u00e8res, Ch\u00e2teau Cap de Faug\u00e8res, Ch\u00e2teau Rocheyron, Ch\u00e2teau Lafaurie-Peyraguey","isPartOf":{"@id":"https:\/\/www.vignobles-silvio-denz.com\/en\/#website"},"primaryImageOfPage":{"@id":"https:\/\/www.vignobles-silvio-denz.com\/de\/#primaryimage"},"image":{"@id":"https:\/\/www.vignobles-silvio-denz.com\/de\/#primaryimage"},"thumbnailUrl":"https:\/\/www.vignobles-silvio-denz.com\/wp-content\/uploads\/2021\/05\/bouteilles-header-scaled.jpg","datePublished":"2021-05-17T11:37:05+00:00","dateModified":"2025-07-29T14:33:08+00:00","description":"Saint-\u00c9milion ou Sauternes, les domaines des Vignobles Silvio Denz ont en partage la passion qui anime leur propri\u00e9taire. Amour du vin et prestige des grands terroirs incitent l\u2019homme d\u2019affaires \u00e0 investir dans le Bordelais.","breadcrumb":{"@id":"https:\/\/www.vignobles-silvio-denz.com\/de\/#breadcrumb"},"inLanguage":"de","potentialAction":[{"@type":"ReadAction","target":["https:\/\/www.vignobles-silvio-denz.com\/de\/"]}]},{"@type":"ImageObject","inLanguage":"de","@id":"https:\/\/www.vignobles-silvio-denz.com\/de\/#primaryimage","url":"https:\/\/www.vignobles-silvio-denz.com\/wp-content\/uploads\/2021\/05\/bouteilles-header-scaled.jpg","contentUrl":"https:\/\/www.vignobles-silvio-denz.com\/wp-content\/uploads\/2021\/05\/bouteilles-header-scaled.jpg","width":2560,"height":1511},{"@type":"BreadcrumbList","@id":"https:\/\/www.vignobles-silvio-denz.com\/de\/#breadcrumb","itemListElement":[{"@type":"ListItem","position":1,"name":"Accueil","item":"https:\/\/www.vignobles-silvio-denz.com\/de\/"},{"@type":"ListItem","position":2,"name":"Vignobles SILVIO DENZ"}]},{"@type":"WebSite","@id":"https:\/\/www.vignobles-silvio-denz.com\/en\/#website","url":"https:\/\/www.vignobles-silvio-denz.com\/en\/","name":"Vignobles SILVIO DENZ","description":"Ch\u00e2teau Faug\u00e8res, Ch\u00e2teau P\u00e9by Faug\u00e8res, Ch\u00e2teau Cap de Faug\u00e8res, Ch\u00e2teau Rocheyron, Ch\u00e2teau Lafaurie-Peyraguey","publisher":{"@id":"https:\/\/www.vignobles-silvio-denz.com\/en\/#organization"},"potentialAction":[{"@type":"SearchAction","target":{"@type":"EntryPoint","urlTemplate":"https:\/\/www.vignobles-silvio-denz.com\/en\/?s={search_term_string}"},"query-input":{"@type":"PropertyValueSpecification","valueRequired":true,"valueName":"search_term_string"}}],"inLanguage":"de"},{"@type":"Organization","@id":"https:\/\/www.vignobles-silvio-denz.com\/en\/#organization","name":"Vignobles SILVIO DENZ","url":"https:\/\/www.vignobles-silvio-denz.com\/en\/","logo":{"@type":"ImageObject","inLanguage":"de","@id":"https:\/\/www.vignobles-silvio-denz.com\/en\/#\/schema\/logo\/image\/","url":"https:\/\/www.vignobles-silvio-denz.com\/wp-content\/uploads\/2021\/07\/cropped-VSD-sigle.png","contentUrl":"https:\/\/www.vignobles-silvio-denz.com\/wp-content\/uploads\/2021\/07\/cropped-VSD-sigle.png","width":512,"height":512,"caption":"Vignobles SILVIO DENZ"},"image":{"@id":"https:\/\/www.vignobles-silvio-denz.com\/en\/#\/schema\/logo\/image\/"}}]}},"_links":{"self":[{"href":"https:\/\/www.vignobles-silvio-denz.com\/de\/wp-json\/wp\/v2\/pages\/40","targetHints":{"allow":["GET"]}}],"collection":[{"href":"https:\/\/www.vignobles-silvio-denz.com\/de\/wp-json\/wp\/v2\/pages"}],"about":[{"href":"https:\/\/www.vignobles-silvio-denz.com\/de\/wp-json\/wp\/v2\/types\/page"}],"author":[{"embeddable":true,"href":"https:\/\/www.vignobles-silvio-denz.com\/de\/wp-json\/wp\/v2\/users\/1"}],"replies":[{"embeddable":true,"href":"https:\/\/www.vignobles-silvio-denz.com\/de\/wp-json\/wp\/v2\/comments?post=40"}],"version-history":[{"count":4,"href":"https:\/\/www.vignobles-silvio-denz.com\/de\/wp-json\/wp\/v2\/pages\/40\/revisions"}],"predecessor-version":[{"id":2406,"href":"https:\/\/www.vignobles-silvio-denz.com\/de\/wp-json\/wp\/v2\/pages\/40\/revisions\/2406"}],"wp:featuredmedia":[{"embeddable":true,"href":"https:\/\/www.vignobles-silvio-denz.com\/de\/wp-json\/wp\/v2\/media\/370"}],"wp:attachment":[{"href":"https:\/\/www.vignobles-silvio-denz.com\/de\/wp-json\/wp\/v2\/media?parent=40"}],"curies":[{"name":"wp","href":"https:\/\/api.w.org\/{rel}","templated":true}]}}