{"id":1695,"date":"2021-05-17T13:38:09","date_gmt":"2021-05-17T11:38:09","guid":{"rendered":"https:\/\/www.vignobles-silvio-denz.com\/contact\/"},"modified":"2021-10-27T16:52:29","modified_gmt":"2021-10-27T14:52:29","slug":"contact","status":"publish","type":"page","link":"https:\/\/www.vignobles-silvio-denz.com\/en\/contact\/","title":{"rendered":"Contact"},"content":{"rendered":"","protected":false},"excerpt":{"rendered":"","protected":false},"author":1,"featured_media":0,"parent":0,"menu_order":0,"comment_status":"closed","ping_status":"closed","template":"tpl-contact.php","meta":{"_acf_changed":false,"footnotes":""},"class_list":["post-1695","page","type-page","status-publish","hentry"],"acf":[],"yoast_head":"<!-- This site is optimized with the Yoast SEO plugin v27.3 - https:\/\/yoast.com\/product\/yoast-seo-wordpress\/ -->\n<title>Contact &#8212; Vignobles SILVIO DENZ<\/title>\n<meta name=\"description\" content=\"Sur rendez-vous, les \u00e9quipes vous accueillent de mai \u00e0 septembre pour trois visites d\u00e9couverte.\u2028 Horaires d\u2019ouverture en saison, du lundi au vendredi de 9h30 \u00e0 12h00 et de 13h30 \u00e0 17h00.\" \/>\n<meta name=\"robots\" content=\"index, follow, max-snippet:-1, max-image-preview:large, max-video-preview:-1\" \/>\n<link rel=\"canonical\" href=\"http:\/\/www.vignobles-silvio-denz.com\/en\/contact\/\" \/>\n<meta property=\"og:locale\" content=\"en_US\" \/>\n<meta property=\"og:type\" content=\"article\" \/>\n<meta property=\"og:title\" content=\"Contact &#8212; Vignobles SILVIO DENZ\" \/>\n<meta property=\"og:description\" content=\"Sur rendez-vous, les \u00e9quipes vous accueillent de mai \u00e0 septembre pour trois visites d\u00e9couverte.\u2028 Horaires d\u2019ouverture en saison, du lundi au vendredi de 9h30 \u00e0 12h00 et de 13h30 \u00e0 17h00.\" \/>\n<meta property=\"og:url\" content=\"http:\/\/www.vignobles-silvio-denz.com\/en\/contact\/\" \/>\n<meta property=\"og:site_name\" content=\"Vignobles SILVIO DENZ\" \/>\n<meta property=\"article:modified_time\" content=\"2021-10-27T14:52:29+00:00\" \/>\n<meta name=\"twitter:card\" content=\"summary_large_image\" \/>\n<script type=\"application\/ld+json\" class=\"yoast-schema-graph\">{\"@context\":\"https:\\\/\\\/schema.org\",\"@graph\":[{\"@type\":\"WebPage\",\"@id\":\"http:\\\/\\\/www.vignobles-silvio-denz.com\\\/en\\\/contact\\\/\",\"url\":\"http:\\\/\\\/www.vignobles-silvio-denz.com\\\/en\\\/contact\\\/\",\"name\":\"Contact &#8212; Vignobles SILVIO DENZ\",\"isPartOf\":{\"@id\":\"https:\\\/\\\/www.vignobles-silvio-denz.com\\\/en\\\/#website\"},\"datePublished\":\"2021-05-17T11:38:09+00:00\",\"dateModified\":\"2021-10-27T14:52:29+00:00\",\"description\":\"Sur rendez-vous, les \u00e9quipes vous accueillent de mai \u00e0 septembre pour trois visites d\u00e9couverte.\\u2028 Horaires d\u2019ouverture en saison, du lundi au vendredi de 9h30 \u00e0 12h00 et de 13h30 \u00e0 17h00.\",\"breadcrumb\":{\"@id\":\"http:\\\/\\\/www.vignobles-silvio-denz.com\\\/en\\\/contact\\\/#breadcrumb\"},\"inLanguage\":\"en-US\",\"potentialAction\":[{\"@type\":\"ReadAction\",\"target\":[\"http:\\\/\\\/www.vignobles-silvio-denz.com\\\/en\\\/contact\\\/\"]}]},{\"@type\":\"BreadcrumbList\",\"@id\":\"http:\\\/\\\/www.vignobles-silvio-denz.com\\\/en\\\/contact\\\/#breadcrumb\",\"itemListElement\":[{\"@type\":\"ListItem\",\"position\":1,\"name\":\"Accueil\",\"item\":\"http:\\\/\\\/www.vignobles-silvio-denz.com\\\/en\\\/\"},{\"@type\":\"ListItem\",\"position\":2,\"name\":\"Contact\"}]},{\"@type\":\"WebSite\",\"@id\":\"https:\\\/\\\/www.vignobles-silvio-denz.com\\\/en\\\/#website\",\"url\":\"https:\\\/\\\/www.vignobles-silvio-denz.com\\\/en\\\/\",\"name\":\"Vignobles SILVIO DENZ\",\"description\":\"Ch\u00e2teau Faug\u00e8res, Ch\u00e2teau P\u00e9by Faug\u00e8res, Ch\u00e2teau Cap de Faug\u00e8res, Ch\u00e2teau Rocheyron, Ch\u00e2teau Lafaurie-Peyraguey\",\"publisher\":{\"@id\":\"https:\\\/\\\/www.vignobles-silvio-denz.com\\\/en\\\/#organization\"},\"potentialAction\":[{\"@type\":\"SearchAction\",\"target\":{\"@type\":\"EntryPoint\",\"urlTemplate\":\"https:\\\/\\\/www.vignobles-silvio-denz.com\\\/en\\\/?s={search_term_string}\"},\"query-input\":{\"@type\":\"PropertyValueSpecification\",\"valueRequired\":true,\"valueName\":\"search_term_string\"}}],\"inLanguage\":\"en-US\"},{\"@type\":\"Organization\",\"@id\":\"https:\\\/\\\/www.vignobles-silvio-denz.com\\\/en\\\/#organization\",\"name\":\"Vignobles SILVIO DENZ\",\"url\":\"https:\\\/\\\/www.vignobles-silvio-denz.com\\\/en\\\/\",\"logo\":{\"@type\":\"ImageObject\",\"inLanguage\":\"en-US\",\"@id\":\"https:\\\/\\\/www.vignobles-silvio-denz.com\\\/en\\\/#\\\/schema\\\/logo\\\/image\\\/\",\"url\":\"https:\\\/\\\/www.vignobles-silvio-denz.com\\\/wp-content\\\/uploads\\\/2021\\\/07\\\/cropped-VSD-sigle.png\",\"contentUrl\":\"https:\\\/\\\/www.vignobles-silvio-denz.com\\\/wp-content\\\/uploads\\\/2021\\\/07\\\/cropped-VSD-sigle.png\",\"width\":512,\"height\":512,\"caption\":\"Vignobles SILVIO DENZ\"},\"image\":{\"@id\":\"https:\\\/\\\/www.vignobles-silvio-denz.com\\\/en\\\/#\\\/schema\\\/logo\\\/image\\\/\"}}]}<\/script>\n<!-- \/ Yoast SEO plugin. -->","yoast_head_json":{"title":"Contact &#8212; Vignobles SILVIO DENZ","description":"Sur rendez-vous, les \u00e9quipes vous accueillent de mai \u00e0 septembre pour trois visites d\u00e9couverte.\u2028 Horaires d\u2019ouverture en saison, du lundi au vendredi de 9h30 \u00e0 12h00 et de 13h30 \u00e0 17h00.","robots":{"index":"index","follow":"follow","max-snippet":"max-snippet:-1","max-image-preview":"max-image-preview:large","max-video-preview":"max-video-preview:-1"},"canonical":"http:\/\/www.vignobles-silvio-denz.com\/en\/contact\/","og_locale":"en_US","og_type":"article","og_title":"Contact &#8212; Vignobles SILVIO DENZ","og_description":"Sur rendez-vous, les \u00e9quipes vous accueillent de mai \u00e0 septembre pour trois visites d\u00e9couverte.\u2028 Horaires d\u2019ouverture en saison, du lundi au vendredi de 9h30 \u00e0 12h00 et de 13h30 \u00e0 17h00.","og_url":"http:\/\/www.vignobles-silvio-denz.com\/en\/contact\/","og_site_name":"Vignobles SILVIO DENZ","article_modified_time":"2021-10-27T14:52:29+00:00","twitter_card":"summary_large_image","schema":{"@context":"https:\/\/schema.org","@graph":[{"@type":"WebPage","@id":"http:\/\/www.vignobles-silvio-denz.com\/en\/contact\/","url":"http:\/\/www.vignobles-silvio-denz.com\/en\/contact\/","name":"Contact &#8212; Vignobles SILVIO DENZ","isPartOf":{"@id":"https:\/\/www.vignobles-silvio-denz.com\/en\/#website"},"datePublished":"2021-05-17T11:38:09+00:00","dateModified":"2021-10-27T14:52:29+00:00","description":"Sur rendez-vous, les \u00e9quipes vous accueillent de mai \u00e0 septembre pour trois visites d\u00e9couverte.\u2028 Horaires d\u2019ouverture en saison, du lundi au vendredi de 9h30 \u00e0 12h00 et de 13h30 \u00e0 17h00.","breadcrumb":{"@id":"http:\/\/www.vignobles-silvio-denz.com\/en\/contact\/#breadcrumb"},"inLanguage":"en-US","potentialAction":[{"@type":"ReadAction","target":["http:\/\/www.vignobles-silvio-denz.com\/en\/contact\/"]}]},{"@type":"BreadcrumbList","@id":"http:\/\/www.vignobles-silvio-denz.com\/en\/contact\/#breadcrumb","itemListElement":[{"@type":"ListItem","position":1,"name":"Accueil","item":"http:\/\/www.vignobles-silvio-denz.com\/en\/"},{"@type":"ListItem","position":2,"name":"Contact"}]},{"@type":"WebSite","@id":"https:\/\/www.vignobles-silvio-denz.com\/en\/#website","url":"https:\/\/www.vignobles-silvio-denz.com\/en\/","name":"Vignobles SILVIO DENZ","description":"Ch\u00e2teau Faug\u00e8res, Ch\u00e2teau P\u00e9by Faug\u00e8res, Ch\u00e2teau Cap de Faug\u00e8res, Ch\u00e2teau Rocheyron, Ch\u00e2teau Lafaurie-Peyraguey","publisher":{"@id":"https:\/\/www.vignobles-silvio-denz.com\/en\/#organization"},"potentialAction":[{"@type":"SearchAction","target":{"@type":"EntryPoint","urlTemplate":"https:\/\/www.vignobles-silvio-denz.com\/en\/?s={search_term_string}"},"query-input":{"@type":"PropertyValueSpecification","valueRequired":true,"valueName":"search_term_string"}}],"inLanguage":"en-US"},{"@type":"Organization","@id":"https:\/\/www.vignobles-silvio-denz.com\/en\/#organization","name":"Vignobles SILVIO DENZ","url":"https:\/\/www.vignobles-silvio-denz.com\/en\/","logo":{"@type":"ImageObject","inLanguage":"en-US","@id":"https:\/\/www.vignobles-silvio-denz.com\/en\/#\/schema\/logo\/image\/","url":"https:\/\/www.vignobles-silvio-denz.com\/wp-content\/uploads\/2021\/07\/cropped-VSD-sigle.png","contentUrl":"https:\/\/www.vignobles-silvio-denz.com\/wp-content\/uploads\/2021\/07\/cropped-VSD-sigle.png","width":512,"height":512,"caption":"Vignobles SILVIO DENZ"},"image":{"@id":"https:\/\/www.vignobles-silvio-denz.com\/en\/#\/schema\/logo\/image\/"}}]}},"_links":{"self":[{"href":"https:\/\/www.vignobles-silvio-denz.com\/en\/wp-json\/wp\/v2\/pages\/1695","targetHints":{"allow":["GET"]}}],"collection":[{"href":"https:\/\/www.vignobles-silvio-denz.com\/en\/wp-json\/wp\/v2\/pages"}],"about":[{"href":"https:\/\/www.vignobles-silvio-denz.com\/en\/wp-json\/wp\/v2\/types\/page"}],"author":[{"embeddable":true,"href":"https:\/\/www.vignobles-silvio-denz.com\/en\/wp-json\/wp\/v2\/users\/1"}],"replies":[{"embeddable":true,"href":"https:\/\/www.vignobles-silvio-denz.com\/en\/wp-json\/wp\/v2\/comments?post=1695"}],"version-history":[{"count":3,"href":"https:\/\/www.vignobles-silvio-denz.com\/en\/wp-json\/wp\/v2\/pages\/1695\/revisions"}],"predecessor-version":[{"id":1835,"href":"https:\/\/www.vignobles-silvio-denz.com\/en\/wp-json\/wp\/v2\/pages\/1695\/revisions\/1835"}],"wp:attachment":[{"href":"https:\/\/www.vignobles-silvio-denz.com\/en\/wp-json\/wp\/v2\/media?parent=1695"}],"curies":[{"name":"wp","href":"https:\/\/api.w.org\/{rel}","templated":true}]}}